{"id":61,"date":"2020-12-16T20:35:52","date_gmt":"2020-12-16T20:35:52","guid":{"rendered":"http:\/\/kajaaninharmonikkakerho.fi\/uusi\/?page_id=61"},"modified":"2022-03-23T10:37:11","modified_gmt":"2022-03-23T08:37:11","slug":"aanitteet","status":"publish","type":"page","link":"https:\/\/kajaaninharmonikkakerho.fi\/?page_id=61","title":{"rendered":"\u00c4\u00e4nitteet"},"content":{"rendered":"\n<h2 class=\"has-text-align-center wp-block-heading\">\u00c4\u00e4nitteet<\/h2>\n\n\n\n<div class=\"wp-block-media-text alignwide has-media-on-the-right is-stacked-on-mobile is-vertically-aligned-top\" style=\"grid-template-columns:auto 18%\"><figure class=\"wp-block-media-text__media\"><img loading=\"lazy\" decoding=\"async\" width=\"150\" height=\"151\" src=\"https:\/\/kajaaninharmonikkakerho.fi\/wp-content\/uploads\/2020\/12\/CD_haaveita-harmonikalla.jpg\" alt=\"\" class=\"wp-image-163 size-full\"\/><\/figure><div class=\"wp-block-media-text__content\">\n<figure class=\"wp-block-table\"><table><tbody><tr><th scope=\"row\">Haaveita Harmonikalla (cd+kasetti) julkaistiin vuonna 1996.<br>Levy\u00e4 tehtiin yhteens\u00e4 1.000 kpl ja kasetteja 1.000 kpl.<br>\u00c4\u00e4nitteet on loppuun myyty.<br><br>01. S\u00e4 kaunehin oot (Sholom Sekunda) foxtrot<br>02. Katinka (trad) foxtrot<br>03. La Cumparsita (G.H. Matos Rodrigues) tango<br>04. Kukkia Andeilta (P. Codevilla) tango<br>05. Ota my\u00f6s sy\u00f6mmeni (Onni Laihanen) valssi<br>06. Haaveita (Toivo Manninen) valssi<br>07. Kirje sielt\u00e4 jostain (Kauko K\u00e4yhk\u00f6) foxtrot<br>08. Kaksi kolpakkoa, neiti (M. Maja) foxtrot<br>09. I want my mama (Jararaca \u2013 V.Paiva) foxtrot<br>10. N\u00e4in\u00e4 p\u00e4ivin\u00e4 \u2013 Unelmissain oot mun \u2013 Dina&nbsp;(sov. Armas Piippo) foxtrot-sikerm\u00e4<br>11. Merten taa (Viljo Vesterinen) jenkka<br>12. Kuljen eksyksiss\u00e4 (Onni Laihanen) jenkka<br>13. Lokki (trad. sov. Armas Piippo) valssi<br>14. Los Minnen (Rolf Carlsson) valssi<br>15. The St. Louis blues (William C. Handy)<br>16. Don\u2019t get around much anymore (Duke Ellington)<br>17. Mestaripolkka (\u00c5hman)<br>18. S\u00e4kkij\u00e4rven polkka (trad. sov. Armas Piippo)<\/th><\/tr><\/tbody><\/table><\/figure>\n\n\n\n<p><\/p>\n<\/div><\/div>\n\n\n\n<div class=\"wp-block-media-text alignwide has-media-on-the-right is-stacked-on-mobile is-vertically-aligned-top\" style=\"grid-template-columns:auto 15%\"><figure class=\"wp-block-media-text__media\"><a href=\"https:\/\/kajaaninharmonikkakerho.fi\/wp-content\/uploads\/2020\/12\/CD_kaunis-on-kainuu-150x150.jpg\"><img loading=\"lazy\" decoding=\"async\" width=\"150\" height=\"152\" src=\"https:\/\/kajaaninharmonikkakerho.fi\/wp-content\/uploads\/2020\/12\/CD_kaunis-on-kainuu.jpg\" alt=\"\" class=\"wp-image-164 size-full\"\/><\/a><\/figure><div class=\"wp-block-media-text__content\">\n<figure class=\"wp-block-table\"><table><tbody><tr><th scope=\"row\">Toinen \u00e4\u00e4nitteemme Kaunis on Kainuu valmistui vuonna 2005.<br>Levyll\u00e4 on mukana viisi kerholaisten omaa s\u00e4vellyst\u00e4.<br>Levy\u00e4 tehtiin yht. 2.000 kpl ja sit\u00e4 on j\u00e4ljell\u00e4 noin 150 kpl.<br><br>01. Kaunis on Kainuu (Jarmo Jylh\u00e4) humppa<br>02. Vieraille maille (V. Ahvenainen) humppa<br>03. Kangastus (Unto Mononen) tango<br>04. La Cumparsita (G.H. Matos Rodrigues) tango<br>05. Pikkusyntinen (Georg Malmsten) valssi<br>06. Ruskan j\u00e4lkeen (Seppo Leino) valssi<br>07. Kevyen sormen jenkka (Raimo Ulander)<br>08. Sirkkojen h\u00e4\u00e4t (Armas Piippo) jenkka<br>09. Koivu (Reijo M\u00e4\u00e4tt\u00e4) foxtrot<br>10. Tavallinen tytt\u00f6 (V. Ahvenainen) foxtrot<br>11. Syksyn hehkua (Jorma Ele) valssi<br>12. Valkoiset linnut (Jorma Ele) valssi<br>13. Kaksi kolpakkoa, neiti (M. Maja) humppa\/foxtrot<br>14. Kainuun tytt\u00f6 (Jukka Kuoppam\u00e4ki) humppa<br>15. Kirje Ranskasta (Armas Piippo) valssi<br>16. Mets\u00e4linna(Paul Norrback) valssi<br>17. Mestaripolkka (\u00c5hman)<br>18. S\u00e4kkij\u00e4rven polkka (trad. sov. Armas Piippo)<\/th><\/tr><\/tbody><\/table><\/figure>\n\n\n\n<p><\/p>\n<\/div><\/div>\n\n\n\n<div class=\"wp-block-media-text alignwide has-media-on-the-right is-stacked-on-mobile is-vertically-aligned-top\" style=\"grid-template-columns:auto 15%\"><figure class=\"wp-block-media-text__media\"><img loading=\"lazy\" decoding=\"async\" width=\"933\" height=\"932\" src=\"https:\/\/www.it-talkkari.fi\/Harmonikkakerhodemo\/wp-content\/uploads\/2021\/01\/Valoa.jpg\" alt=\"\" class=\"wp-image-303 size-full\" srcset=\"https:\/\/kajaaninharmonikkakerho.fi\/wp-content\/uploads\/2021\/01\/Valoa.jpg 933w, https:\/\/kajaaninharmonikkakerho.fi\/wp-content\/uploads\/2021\/01\/Valoa-300x300.jpg 300w, https:\/\/kajaaninharmonikkakerho.fi\/wp-content\/uploads\/2021\/01\/Valoa-150x150.jpg 150w, https:\/\/kajaaninharmonikkakerho.fi\/wp-content\/uploads\/2021\/01\/Valoa-768x767.jpg 768w\" sizes=\"auto, (max-width: 933px) 100vw, 933px\" \/><\/figure><div class=\"wp-block-media-text__content\">\n<figure class=\"wp-block-table\"><table><tbody><tr><th scope=\"row\">Kolmas \u00e4\u00e4nitteemme Valoa ikkunassa julkaistiin vuonna 2014.<br><br>1. Valoa Ikkunassa , beguine&nbsp;s\u00e4v. Eino Hurme, san. Sauvo Puhtila, sov. Erkki Friman<br>2. Y\u00f6n v\u00e4istyess\u00e4, beguine&nbsp;s\u00e4v. I. Bonfa, sov. Jari Kokkinen<br>3. Suukkoja aamunkoitteessa, fox&nbsp;s\u00e4v. Eino J. Sipponen, san. Irja-Liisa Ilonen<br>4. Sulamith, fox&nbsp;s\u00e4v. Matti Jurva, sov. Veikko Ahvenainen<br>5. Aila, tangos\u00e4v. Antero Vartia, sov. Erkki Friman<br>6. Kun rakastuin, tango&nbsp;s\u00e4v. sov. san. Terho L\u00e4ms\u00e4<br>7. Miss\u00e4 olet tytt\u00f6seni, humppa&nbsp;s\u00e4v. M, Maja, sov. E. M\u00e4\u00e4tt\u00e4<br>8. Kotikuusi, humppa&nbsp;s\u00e4v. Ola Allan, sov. Armas Piippo<br>9. Syksyn muistoja, valssi&nbsp;s\u00e4v. Kalevi Ensio Helenius, sov. Pentti Karjalainen<br>10. Kaunis on luoksesi kaipuu, valssi&nbsp;s\u00e4v. san. Eino Partanen, sov. Veikko Ahvenainen<br>11. Nikkeli markka, jenkka&nbsp;s\u00e4v. Georg Malmsten, sov. Veikko Ahvenainen<br>12. Maajussin jenkka,&nbsp;s\u00e4v. sov. Raimo Urpilainen<br>13. Terveiset ulapalta, valssi&nbsp;s\u00e4v. Georg Malmsten, sov. Lasse K\u00f6n\u00f6nen<br>14. Kohmelovalssi&nbsp;Trad. sov. Raimo Urpilainen<br>15. Suomalainen polkka&nbsp;s\u00e4v. sov. Toivo Manninen<br>16. Kestin Jussin polkka&nbsp;s\u00e4v.Lauri Ker\u00e4nen, sov. Terho L\u00e4ms\u00e4<\/th><\/tr><\/tbody><\/table><\/figure>\n<\/div><\/div>\n","protected":false},"excerpt":{"rendered":"<p>\u00c4\u00e4nitteet Haaveita Harmonikalla (cd+kasetti) julkaistiin vuonna 1996.Levy\u00e4 tehtiin yhteens\u00e4 1.000 kpl ja kasetteja 1.000 kpl.\u00c4\u00e4nitteet on loppuun myyty. 01. S\u00e4 kaunehin oot (Sholom Sekunda) foxtrot02. Katinka (trad) foxtrot03. La Cumparsita (G.H. Matos Rodrigues) tango04. Kukkia Andeilta (P. Codevilla) tango05. Ota my\u00f6s sy\u00f6mmeni (Onni Laihanen) valssi06. Haaveita (Toivo Manninen) valssi07. Kirje sielt\u00e4 jostain (Kauko K\u00e4yhk\u00f6) foxtrot08&#8230;.<\/p>\n","protected":false},"author":1,"featured_media":0,"parent":0,"menu_order":0,"comment_status":"closed","ping_status":"closed","template":"","meta":{"_kadence_starter_templates_imported_post":false,"_kad_post_transparent":"","_kad_post_title":"default","_kad_post_layout":"default","_kad_post_sidebar_id":"","_kad_post_content_style":"default","_kad_post_vertical_padding":"","_kad_post_feature":"","_kad_post_feature_position":"","_kad_post_header":false,"_kad_post_footer":false,"footnotes":""},"class_list":["post-61","page","type-page","status-publish","hentry"],"_links":{"self":[{"href":"https:\/\/kajaaninharmonikkakerho.fi\/index.php?rest_route=\/wp\/v2\/pages\/61","targetHints":{"allow":["GET"]}}],"collection":[{"href":"https:\/\/kajaaninharmonikkakerho.fi\/index.php?rest_route=\/wp\/v2\/pages"}],"about":[{"href":"https:\/\/kajaaninharmonikkakerho.fi\/index.php?rest_route=\/wp\/v2\/types\/page"}],"author":[{"embeddable":true,"href":"https:\/\/kajaaninharmonikkakerho.fi\/index.php?rest_route=\/wp\/v2\/users\/1"}],"replies":[{"embeddable":true,"href":"https:\/\/kajaaninharmonikkakerho.fi\/index.php?rest_route=%2Fwp%2Fv2%2Fcomments&post=61"}],"version-history":[{"count":23,"href":"https:\/\/kajaaninharmonikkakerho.fi\/index.php?rest_route=\/wp\/v2\/pages\/61\/revisions"}],"predecessor-version":[{"id":578,"href":"https:\/\/kajaaninharmonikkakerho.fi\/index.php?rest_route=\/wp\/v2\/pages\/61\/revisions\/578"}],"wp:attachment":[{"href":"https:\/\/kajaaninharmonikkakerho.fi\/index.php?rest_route=%2Fwp%2Fv2%2Fmedia&parent=61"}],"curies":[{"name":"wp","href":"https:\/\/api.w.org\/{rel}","templated":true}]}}