{"id":540,"date":"2022-03-07T15:29:25","date_gmt":"2022-03-07T13:29:25","guid":{"rendered":"https:\/\/kajaaninharmonikkakerho.fi\/?page_id=540"},"modified":"2022-03-09T11:09:06","modified_gmt":"2022-03-09T09:09:06","slug":"galleria-iii","status":"publish","type":"page","link":"https:\/\/kajaaninharmonikkakerho.fi\/?page_id=540","title":{"rendered":"Kuvagalleria III"},"content":{"rendered":"\n<div class=\"wp-block-themeisle-blocks-advanced-columns has-1-columns has-desktop-equal-layout has-tablet-equal-layout has-mobile-equal-layout has-default-gap has-vertical-unset\" id=\"wp-block-themeisle-blocks-advanced-columns-d95a8d55\"><div class=\"wp-block-themeisle-blocks-advanced-columns-overlay\"><\/div><div class=\"innerblocks-wrap\">\n<div class=\"wp-block-themeisle-blocks-advanced-column\" id=\"wp-block-themeisle-blocks-advanced-column-e95c888e\">\n<h2 class=\"wp-block-heading\">Is\u00e4np\u00e4iv\u00e4konsertin kuvia ja \u00e4\u00e4nitteit\u00e4<\/h2>\n<\/div>\n<\/div><\/div>\n\n\n<!-- PhotoBlocks for WordPress v1.3.1 free --><style> #photoblocks-6 {width: 100%;} #photoblocks-6 .pb-block {border-color: #333333;} #photoblocks-6 .pb-title {color: #fff;font-size: 20px;} #photoblocks-6 .pb-description {color: rgba(255, 255, 255, .7);font-size: 14px;} #photoblocks-6 .pb-block.pb-type-text .pb-overlay {} #photoblocks-6 .pb-block.pb-type-text .pb-title, #photoblocks-6 .pb-block.pb-type-text .pb-description {} #photoblocks-6 .pb-block.pb-type-text .pb-title {} #photoblocks-6 .pb-block.pb-type-text .pb-description {} #photoblocks-6 .pb-overlay {background: rgba(0, 0, 0, .75);} #photoblocks-6.pb-lift.show-empty-overlay .pb-block.pb-type-image:hover, #photoblocks-6.pb-lift .pb-block.pb-type-image.with-text:hover { box-shadow: rgba(0, 0, 0, .75) 0 0 20px; } #photoblocks-6 .pb-block { background-color: transparent; } #photoblocks-6 .pb-block .pb-social button {color: #fff;font-size: 14px;} #photoblocks-6 .pb-blocks .pb-type-image {max-width: calc( 100% - 2px )}<\/style><div class=\"photoblocks-gallery pb-blur pb-lift pb-effect-fade\" data-anim=\"fade\" id=\"photoblocks-6\"> <div class=\"pb-blocks\"> <div class=\"pb-block with-text with-social-or-text pb-landscape pb-height pb-type-image \" style=\"\" data-filters=\"\" data-colspan=\"2\" data-rowspan=\"1\" data-col=\"0\" data-row=\"0\" data-valign=\"center\" data-halign=\"center\" data-type=\"image\" data-ratio=\"1.5421686746988\"> <img decoding=\"async\" class=\"pb-image skip-lazy \" src=\"data:image\/png;base64,iVBORw0KGgoAAAANSUhEUgAAAAEAAAABCAYAAAAfFcSJAAAADUlEQVR42mNkYPhfDwAChwGA60e6kgAAAABJRU5ErkJggg==\" data-pb-source=\"https:\/\/kajaaninharmonikkakerho.fi\/wp-content\/uploads\/2022\/03\/1Kerho-1024x664.jpg\" alt=\"Kajaanin Harmonikkakerho is\u00e4np\u00e4iv\u00e4konsertissa 14.11.2021\"> <noscript><img decoding=\"async\" src=\"https:\/\/kajaaninharmonikkakerho.fi\/wp-content\/uploads\/2022\/03\/1Kerho-scaled.jpg\" alt=\"Kajaanin Harmonikkakerho is\u00e4np\u00e4iv\u00e4konsertissa 14.11.2021\"><\/noscript> <a class=\"pb-link \" data-magnific=\"gallery-6\" data-caption=\"\" rel=\"\" target=\"\" href=\"https:\/\/kajaaninharmonikkakerho.fi\/wp-content\/uploads\/2022\/03\/1Kerho-scaled.jpg\"> <div class=\"pb-overlay\" style=\"\"> <div class=\"pb-caption-bottom\"> <span class=\"pb-title pb-caption-right\" style=\"\">Kajaanin Harmonikkakerho is\u00e4np\u00e4iv\u00e4konsertissa 14.11.2021<\/span> <\/div> <\/div> <\/a> <\/div> <div class=\"pb-block with-text with-social-or-text pb-landscape pb-width pb-type-image \" style=\"\" data-filters=\"\" data-colspan=\"1\" data-rowspan=\"1\" data-col=\"2\" data-row=\"0\" data-valign=\"center\" data-halign=\"center\" data-type=\"image\" data-ratio=\"1.3333333333333\"> <img decoding=\"async\" class=\"pb-image skip-lazy \" src=\"data:image\/png;base64,iVBORw0KGgoAAAANSUhEUgAAAAEAAAABCAYAAAAfFcSJAAAADUlEQVR42mNkYPhfDwAChwGA60e6kgAAAABJRU5ErkJggg==\" data-pb-source=\"https:\/\/kajaaninharmonikkakerho.fi\/wp-content\/uploads\/2022\/03\/3duo-1024x768.jpg\" alt=\"Aatu ja Hannu\"> <noscript><img decoding=\"async\" src=\"https:\/\/kajaaninharmonikkakerho.fi\/wp-content\/uploads\/2022\/03\/3duo-scaled.jpg\" alt=\"Aatu ja Hannu\"><\/noscript> <a class=\"pb-link \" data-magnific=\"gallery-6\" data-caption=\"\" rel=\"\" target=\"\" href=\"https:\/\/kajaaninharmonikkakerho.fi\/wp-content\/uploads\/2022\/03\/3duo-scaled.jpg\"> <div class=\"pb-overlay\" style=\"\"> <div class=\"pb-caption-bottom\"> <span class=\"pb-title pb-caption-right\" style=\"\">Aatu ja Hannu<\/span> <\/div> <\/div> <\/a> <\/div> <div class=\"pb-block with-text with-social-or-text pb-landscape pb-width pb-type-image \" style=\"\" data-filters=\"\" data-colspan=\"1\" data-rowspan=\"1\" data-col=\"0\" data-row=\"1\" data-valign=\"center\" data-halign=\"center\" data-type=\"image\" data-ratio=\"1.3333333333333\"> <img decoding=\"async\" class=\"pb-image skip-lazy \" src=\"data:image\/png;base64,iVBORw0KGgoAAAANSUhEUgAAAAEAAAABCAYAAAAfFcSJAAAADUlEQVR42mNkYPhfDwAChwGA60e6kgAAAABJRU5ErkJggg==\" data-pb-source=\"https:\/\/kajaaninharmonikkakerho.fi\/wp-content\/uploads\/2022\/03\/5kaksiriviset-scaled-e1646816678121-1024x784.jpg\" alt=\"2-riviset: Yrj\u00f6, Katja, Olga ja Terho sek\u00e4 rumpalina Tapio\"> <noscript><img decoding=\"async\" src=\"https:\/\/kajaaninharmonikkakerho.fi\/wp-content\/uploads\/2022\/03\/5kaksiriviset-scaled.jpg\" alt=\"2-riviset: Yrj\u00f6, Katja, Olga ja Terho sek\u00e4 rumpalina Tapio\"><\/noscript> <a class=\"pb-link \" data-magnific=\"gallery-6\" data-caption=\"\" rel=\"\" target=\"\" href=\"https:\/\/kajaaninharmonikkakerho.fi\/wp-content\/uploads\/2022\/03\/5kaksiriviset-scaled-e1646816678121.jpg\"> <div class=\"pb-overlay\" style=\"\"> <div class=\"pb-caption-bottom\"> <span class=\"pb-title pb-caption-right\" style=\"\">2-riviset: Yrj\u00f6, Katja, Olga ja Terho sek\u00e4 rumpalina Tapio<\/span> <\/div> <\/div> <\/a> <\/div> <div class=\"pb-block with-text with-social-or-text pb-landscape pb-height pb-type-image \" style=\"\" data-filters=\"\" data-colspan=\"2\" data-rowspan=\"1\" data-col=\"1\" data-row=\"1\" data-valign=\"center\" data-halign=\"center\" data-type=\"image\" data-ratio=\"1.3333333333333\"> <img decoding=\"async\" class=\"pb-image skip-lazy \" src=\"data:image\/png;base64,iVBORw0KGgoAAAANSUhEUgAAAAEAAAABCAYAAAAfFcSJAAAADUlEQVR42mNkYPhfDwAChwGA60e6kgAAAABJRU5ErkJggg==\" data-pb-source=\"https:\/\/kajaaninharmonikkakerho.fi\/wp-content\/uploads\/2022\/03\/2Kvartetti-1024x768.jpg\" alt=\"Kvartetti: Santtu, Katja, Olga ja Terho\"> <noscript><img decoding=\"async\" src=\"https:\/\/kajaaninharmonikkakerho.fi\/wp-content\/uploads\/2022\/03\/2Kvartetti-scaled.jpg\" alt=\"Kvartetti: Santtu, Katja, Olga ja Terho\"><\/noscript> <a class=\"pb-link \" data-magnific=\"gallery-6\" data-caption=\"\" rel=\"\" target=\"\" href=\"https:\/\/kajaaninharmonikkakerho.fi\/wp-content\/uploads\/2022\/03\/2Kvartetti-scaled.jpg\"> <div class=\"pb-overlay\" style=\"\"> <div class=\"pb-caption-bottom\"> <span class=\"pb-title pb-caption-right\" style=\"\">Kvartetti: Santtu, Katja, Olga ja Terho<\/span> <\/div> <\/div> <\/a> <\/div> <div class=\"pb-block with-text with-social-or-text pb-landscape pb-height pb-type-image \" style=\"\" data-filters=\"\" data-colspan=\"2\" data-rowspan=\"1\" data-col=\"0\" data-row=\"2\" data-valign=\"center\" data-halign=\"center\" data-type=\"image\" data-ratio=\"1.3333333333333\"> <img decoding=\"async\" class=\"pb-image skip-lazy \" src=\"data:image\/png;base64,iVBORw0KGgoAAAANSUhEUgAAAAEAAAABCAYAAAAfFcSJAAAADUlEQVR42mNkYPhfDwAChwGA60e6kgAAAABJRU5ErkJggg==\" data-pb-source=\"https:\/\/kajaaninharmonikkakerho.fi\/wp-content\/uploads\/2022\/03\/4Kainula-1024x768.jpg\" alt=\"Harmonikkakerhon Kainulan harmonikkaorkesteri\"> <noscript><img decoding=\"async\" src=\"https:\/\/kajaaninharmonikkakerho.fi\/wp-content\/uploads\/2022\/03\/4Kainula-scaled.jpg\" alt=\"Harmonikkakerhon Kainulan harmonikkaorkesteri\"><\/noscript> <a class=\"pb-link \" data-magnific=\"gallery-6\" data-caption=\"\" rel=\"\" target=\"\" href=\"https:\/\/kajaaninharmonikkakerho.fi\/wp-content\/uploads\/2022\/03\/4Kainula-scaled.jpg\"> <div class=\"pb-overlay\" style=\"\"> <div class=\"pb-caption-bottom\"> <span class=\"pb-title pb-caption-right\" style=\"\">Harmonikkakerhon Kainulan harmonikkaorkesteri<\/span> <\/div> <\/div> <\/a> <\/div> <div class=\"pb-block with-text with-social-or-text pb-landscape pb-width pb-type-image \" style=\"\" data-filters=\"\" data-colspan=\"1\" data-rowspan=\"1\" data-col=\"2\" data-row=\"2\" data-valign=\"center\" data-halign=\"center\" data-type=\"image\" data-ratio=\"1.3333333333333\"> <img decoding=\"async\" class=\"pb-image skip-lazy \" src=\"data:image\/png;base64,iVBORw0KGgoAAAANSUhEUgAAAAEAAAABCAYAAAAfFcSJAAAADUlEQVR42mNkYPhfDwAChwGA60e6kgAAAABJRU5ErkJggg==\" data-pb-source=\"https:\/\/kajaaninharmonikkakerho.fi\/wp-content\/uploads\/2022\/03\/6Aulatanssit-1024x768.jpg\" alt=\"Aulatanssit\"> <noscript><img decoding=\"async\" src=\"https:\/\/kajaaninharmonikkakerho.fi\/wp-content\/uploads\/2022\/03\/6Aulatanssit-scaled.jpg\" alt=\"Aulatanssit\"><\/noscript> <a class=\"pb-link \" data-magnific=\"gallery-6\" data-caption=\"\" rel=\"\" target=\"\" href=\"https:\/\/kajaaninharmonikkakerho.fi\/wp-content\/uploads\/2022\/03\/6Aulatanssit-scaled.jpg\"> <div class=\"pb-overlay\" style=\"\"> <div class=\"pb-caption-bottom\"> <span class=\"pb-title pb-caption-right\" style=\"\">Aulatanssit<\/span> <\/div> <\/div> <\/a> <\/div> <\/div><\/div><div id=\"photoblocks-fancybox-6\"><\/div><script>jQuery(function () { var p = new PhotoBlocks({ selector: \"#photoblocks-6\", columns: 3, padding: 2, disable_below: 320, on: { before: function () { }, after: function () { }, refresh: function () { } }, mobile_layout: [], lazy: false, debug: false }); jQuery(\"#photoblocks-6\").magnificPopup({ delegate: \".pb-block:not(.pb-filtered) [data-magnific]\", type: \"image\", gallery: { enabled: true, preload: [0,2] }, image: { titleSrc: 'data-caption' }, mainClass: \"mfp-6\" }); });<\/script>\n\n\n\n<p><\/p>\n\n\n\n<p>Konsertin \u00e4\u00e4nitteit\u00e4:  <a href=\"https:\/\/kajaaninharmonikkakerho.fi\/wp-content\/uploads\/2022\/03\/18Nuoruusmuistaoja.mp3\" data-type=\"URL\" data-id=\"https:\/\/kajaaninharmonikkakerho.fi\/wp-content\/uploads\/2022\/03\/18Nuoruusmuistaoja.mp3\">Kerho<\/a> (Nuoruusmuistoja),  <a href=\"https:\/\/kajaaninharmonikkakerho.fi\/wp-content\/uploads\/2022\/03\/06Sirkkojen-tanssi.mp3\">Duo<\/a> (Sirkkojen tanssi),  <a href=\"https:\/\/kajaaninharmonikkakerho.fi\/wp-content\/uploads\/2022\/03\/10Vaara-vitonen.mp3\">Kvartetti<\/a> (V\u00e4\u00e4r\u00e4 vitonen)      <a href=\"https:\/\/kajaaninharmonikkakerho.fi\/wp-content\/uploads\/2022\/03\/08Kiikkutuolijenkka.mp3\">2-riviset<\/a> (Kiikkutuolijenkka), <a href=\"https:\/\/kajaaninharmonikkakerho.fi\/wp-content\/uploads\/2022\/03\/05Domino.mp3\">Harmonikkaorkesteri<\/a> (Domino), <a href=\"https:\/\/kajaaninharmonikkakerho.fi\/wp-content\/uploads\/2022\/03\/15Pisaroita.mp3\">Aatu<\/a> (Pisaroita)<\/p>\n","protected":false},"excerpt":{"rendered":"<p>Konsertin \u00e4\u00e4nitteit\u00e4: Kerho (Nuoruusmuistoja), Duo (Sirkkojen tanssi), Kvartetti (V\u00e4\u00e4r\u00e4 vitonen) 2-riviset (Kiikkutuolijenkka), Harmonikkaorkesteri (Domino), Aatu (Pisaroita)<\/p>\n","protected":false},"author":1,"featured_media":0,"parent":0,"menu_order":0,"comment_status":"closed","ping_status":"closed","template":"","meta":{"_kadence_starter_templates_imported_post":false,"_kad_post_transparent":"","_kad_post_title":"","_kad_post_layout":"","_kad_post_sidebar_id":"","_kad_post_content_style":"","_kad_post_vertical_padding":"","_kad_post_feature":"","_kad_post_feature_position":"","_kad_post_header":false,"_kad_post_footer":false,"footnotes":""},"class_list":["post-540","page","type-page","status-publish","hentry"],"_links":{"self":[{"href":"https:\/\/kajaaninharmonikkakerho.fi\/index.php?rest_route=\/wp\/v2\/pages\/540","targetHints":{"allow":["GET"]}}],"collection":[{"href":"https:\/\/kajaaninharmonikkakerho.fi\/index.php?rest_route=\/wp\/v2\/pages"}],"about":[{"href":"https:\/\/kajaaninharmonikkakerho.fi\/index.php?rest_route=\/wp\/v2\/types\/page"}],"author":[{"embeddable":true,"href":"https:\/\/kajaaninharmonikkakerho.fi\/index.php?rest_route=\/wp\/v2\/users\/1"}],"replies":[{"embeddable":true,"href":"https:\/\/kajaaninharmonikkakerho.fi\/index.php?rest_route=%2Fwp%2Fv2%2Fcomments&post=540"}],"version-history":[{"count":13,"href":"https:\/\/kajaaninharmonikkakerho.fi\/index.php?rest_route=\/wp\/v2\/pages\/540\/revisions"}],"predecessor-version":[{"id":573,"href":"https:\/\/kajaaninharmonikkakerho.fi\/index.php?rest_route=\/wp\/v2\/pages\/540\/revisions\/573"}],"wp:attachment":[{"href":"https:\/\/kajaaninharmonikkakerho.fi\/index.php?rest_route=%2Fwp%2Fv2%2Fmedia&parent=540"}],"curies":[{"name":"wp","href":"https:\/\/api.w.org\/{rel}","templated":true}]}}