{"id":411,"date":"2021-02-12T15:48:54","date_gmt":"2021-02-12T15:48:54","guid":{"rendered":"https:\/\/kajaaninharmonikkakerho.fi\/?page_id=411"},"modified":"2021-02-12T16:13:36","modified_gmt":"2021-02-12T16:13:36","slug":"kuvagalleria-ii","status":"publish","type":"page","link":"https:\/\/kajaaninharmonikkakerho.fi\/?page_id=411","title":{"rendered":"Kuvagalleria II"},"content":{"rendered":"\n<h2 class=\"has-text-align-center wp-block-heading\"><strong><sub>Kuvagalleria II<\/sub><\/strong><\/h2>\n\n\n<!-- PhotoBlocks for WordPress v1.3.1 free --><style> #photoblocks-4 {width: 100%;} #photoblocks-4 .pb-block {border-color: #333333;} #photoblocks-4 .pb-title {color: #fff;font-size: 20px;} #photoblocks-4 .pb-description {color: rgba(255, 255, 255, .7);font-size: 14px;} #photoblocks-4 .pb-block.pb-type-text .pb-overlay {} #photoblocks-4 .pb-block.pb-type-text .pb-title, #photoblocks-4 .pb-block.pb-type-text .pb-description {} #photoblocks-4 .pb-block.pb-type-text .pb-title {} #photoblocks-4 .pb-block.pb-type-text .pb-description {} #photoblocks-4 .pb-overlay {background: rgba(0, 0, 0, .75);} #photoblocks-4.pb-lift.show-empty-overlay .pb-block.pb-type-image:hover, #photoblocks-4.pb-lift .pb-block.pb-type-image.with-text:hover { box-shadow: rgba(0, 0, 0, .75) 0 0 20px; } #photoblocks-4 .pb-block { background-color: transparent; } #photoblocks-4 .pb-block .pb-social button {color: #fff;font-size: 14px;} #photoblocks-4 .pb-blocks .pb-type-image {max-width: calc( 100% - 10px )}<\/style><div class=\"photoblocks-gallery pb-blur pb-lift pb-effect-fade\" data-anim=\"fade\" id=\"photoblocks-4\"> <div class=\"pb-blocks\"> <div class=\"pb-block with-text with-social-or-text pb-landscape pb-width pb-type-image \" style=\"\" data-filters=\"\" data-colspan=\"1\" data-rowspan=\"1\" data-col=\"0\" data-row=\"0\" data-valign=\"center\" data-halign=\"center\" data-type=\"image\" data-ratio=\"1.5058823529412\"> <img decoding=\"async\" class=\"pb-image skip-lazy \" src=\"data:image\/png;base64,iVBORw0KGgoAAAANSUhEUgAAAAEAAAABCAYAAAAfFcSJAAAADUlEQVR42mNkYPhfDwAChwGA60e6kgAAAABJRU5ErkJggg==\" data-pb-source=\"https:\/\/kajaaninharmonikkakerho.fi\/wp-content\/uploads\/2021\/02\/Isanpaivakonsertti-2019-kuva-1-1024x680.jpeg\" alt=\"Is\u00e4np\u00e4iv\u00e4 konsertti 2019, eri sukupolvet, sama kappale: Jorma, Aatu ja Erkki\"> <noscript><img decoding=\"async\" src=\"https:\/\/kajaaninharmonikkakerho.fi\/wp-content\/uploads\/2021\/02\/Isanpaivakonsertti-2019-kuva-1-scaled.jpeg\" alt=\"Is\u00e4np\u00e4iv\u00e4 konsertti 2019, eri sukupolvet, sama kappale: Jorma, Aatu ja Erkki\"><\/noscript> <a class=\"pb-link \" data-magnific=\"gallery-4\" data-caption=\"Is\u00e4np\u00e4iv\u00e4 konsertti 2019, eri sukupolvet, sama kappale: Jorma, Aatu ja Erkki\" rel=\"\" target=\"\" href=\"https:\/\/kajaaninharmonikkakerho.fi\/wp-content\/uploads\/2021\/02\/Isanpaivakonsertti-2019-kuva-1-scaled.jpeg\"> <div class=\"pb-overlay\" style=\"\"> <div class=\"pb-caption-middle\"> <span class=\"pb-description pb-caption-center\" style=\"\">Is\u00e4np\u00e4iv\u00e4 konsertti 2019, eri sukupolvet, sama kappale: Jorma, Aatu ja Erkki<\/span> <\/div> <\/div> <\/a> <\/div> <div class=\"pb-block with-text with-social-or-text pb-landscape pb-width pb-type-image \" style=\"\" data-filters=\"\" data-colspan=\"1\" data-rowspan=\"1\" data-col=\"1\" data-row=\"0\" data-valign=\"center\" data-halign=\"center\" data-type=\"image\" data-ratio=\"1.3333333333333\"> <img decoding=\"async\" class=\"pb-image skip-lazy \" src=\"data:image\/png;base64,iVBORw0KGgoAAAANSUhEUgAAAAEAAAABCAYAAAAfFcSJAAAADUlEQVR42mNkYPhfDwAChwGA60e6kgAAAABJRU5ErkJggg==\" data-pb-source=\"https:\/\/kajaaninharmonikkakerho.fi\/wp-content\/uploads\/2021\/02\/Isanpaivakonsertti-2014-kuva-2-1024x768.jpg\" alt=\"Is\u00e4np\u00e4iv\u00e4konsertti 2014, aulatanssit\"> <noscript><img decoding=\"async\" src=\"https:\/\/kajaaninharmonikkakerho.fi\/wp-content\/uploads\/2021\/02\/Isanpaivakonsertti-2014-kuva-2.jpg\" alt=\"Is\u00e4np\u00e4iv\u00e4konsertti 2014, aulatanssit\"><\/noscript> <a class=\"pb-link \" data-magnific=\"gallery-4\" data-caption=\"Is\u00e4np\u00e4iv\u00e4konsertti 2014, aulatanssit\" rel=\"\" target=\"\" href=\"https:\/\/kajaaninharmonikkakerho.fi\/wp-content\/uploads\/2021\/02\/Isanpaivakonsertti-2014-kuva-2.jpg\"> <div class=\"pb-overlay\" style=\"\"> <div class=\"pb-caption-middle\"> <span class=\"pb-description pb-caption-center\" style=\"\">Is\u00e4np\u00e4iv\u00e4konsertti 2014, aulatanssit<\/span> <\/div> <\/div> <\/a> <\/div> <div class=\"pb-block with-text with-social-or-text pb-landscape pb-width pb-type-image \" style=\"\" data-filters=\"\" data-colspan=\"1\" data-rowspan=\"1\" data-col=\"2\" data-row=\"0\" data-valign=\"center\" data-halign=\"center\" data-type=\"image\" data-ratio=\"1.498127340824\"> <img decoding=\"async\" class=\"pb-image skip-lazy \" src=\"data:image\/png;base64,iVBORw0KGgoAAAANSUhEUgAAAAEAAAABCAYAAAAfFcSJAAAADUlEQVR42mNkYPhfDwAChwGA60e6kgAAAABJRU5ErkJggg==\" data-pb-source=\"https:\/\/kajaaninharmonikkakerho.fi\/wp-content\/uploads\/2021\/02\/Juha-Arola-kuva-3.jpg\" alt=\"Juha Arola\"> <noscript><img decoding=\"async\" src=\"https:\/\/kajaaninharmonikkakerho.fi\/wp-content\/uploads\/2021\/02\/Juha-Arola-kuva-3.jpg\" alt=\"Juha Arola\"><\/noscript> <a class=\"pb-link \" data-magnific=\"gallery-4\" data-caption=\"Juha Arola\" rel=\"\" target=\"\" href=\"https:\/\/kajaaninharmonikkakerho.fi\/wp-content\/uploads\/2021\/02\/Juha-Arola-kuva-3.jpg\"> <div class=\"pb-overlay\" style=\"\"> <div class=\"pb-caption-middle\"> <span class=\"pb-description pb-caption-center\" style=\"\">Juha Arola<\/span> <\/div> <\/div> <\/a> <\/div> <div class=\"pb-block with-text with-social-or-text pb-landscape pb-width pb-type-image \" style=\"\" data-filters=\"\" data-colspan=\"1\" data-rowspan=\"1\" data-col=\"3\" data-row=\"0\" data-valign=\"center\" data-halign=\"center\" data-type=\"image\" data-ratio=\"1.3333333333333\"> <img decoding=\"async\" class=\"pb-image skip-lazy \" src=\"data:image\/png;base64,iVBORw0KGgoAAAANSUhEUgAAAAEAAAABCAYAAAAfFcSJAAAADUlEQVR42mNkYPhfDwAChwGA60e6kgAAAABJRU5ErkJggg==\" data-pb-source=\"https:\/\/kajaaninharmonikkakerho.fi\/wp-content\/uploads\/2021\/02\/Kalajoki-2017-kuva-4-1024x768.jpg\" alt=\"Rytmi\u00e4 el\u00e4m\u00e4\u00e4n Kalajoki 2017\"> <noscript><img decoding=\"async\" src=\"https:\/\/kajaaninharmonikkakerho.fi\/wp-content\/uploads\/2021\/02\/Kalajoki-2017-kuva-4.jpg\" alt=\"Rytmi\u00e4 el\u00e4m\u00e4\u00e4n Kalajoki 2017\"><\/noscript> <a class=\"pb-link \" data-magnific=\"gallery-4\" data-caption=\"Rytmi\u00e4 el\u00e4m\u00e4\u00e4n Kalajoki 2017\" rel=\"\" target=\"\" href=\"https:\/\/kajaaninharmonikkakerho.fi\/wp-content\/uploads\/2021\/02\/Kalajoki-2017-kuva-4.jpg\"> <div class=\"pb-overlay\" style=\"\"> <div class=\"pb-caption-middle\"> <span class=\"pb-description pb-caption-center\" style=\"\">Rytmi\u00e4 el\u00e4m\u00e4\u00e4n Kalajoki 2017<\/span> <\/div> <\/div> <\/a> <\/div> <div class=\"pb-block with-text with-social-or-text pb-landscape pb-width pb-type-image \" style=\"\" data-filters=\"\" data-colspan=\"1\" data-rowspan=\"1\" data-col=\"0\" data-row=\"1\" data-valign=\"center\" data-halign=\"center\" data-type=\"image\" data-ratio=\"1.3333333333333\"> <img decoding=\"async\" class=\"pb-image skip-lazy \" src=\"data:image\/png;base64,iVBORw0KGgoAAAANSUhEUgAAAAEAAAABCAYAAAAfFcSJAAAADUlEQVR42mNkYPhfDwAChwGA60e6kgAAAABJRU5ErkJggg==\" data-pb-source=\"https:\/\/kajaaninharmonikkakerho.fi\/wp-content\/uploads\/2021\/02\/Kuukkeli-2013-kuva-5-1024x768.jpg\" alt=\"Kuukkelin iltap\u00e4iv\u00e4tanssit 2013\"> <noscript><img decoding=\"async\" src=\"https:\/\/kajaaninharmonikkakerho.fi\/wp-content\/uploads\/2021\/02\/Kuukkeli-2013-kuva-5.jpg\" alt=\"Kuukkelin iltap\u00e4iv\u00e4tanssit 2013\"><\/noscript> <a class=\"pb-link \" data-magnific=\"gallery-4\" data-caption=\"Kuukkelin iltap\u00e4iv\u00e4tanssit 2013\" rel=\"\" target=\"\" href=\"https:\/\/kajaaninharmonikkakerho.fi\/wp-content\/uploads\/2021\/02\/Kuukkeli-2013-kuva-5.jpg\"> <div class=\"pb-overlay\" style=\"\"> <div class=\"pb-caption-middle\"> <span class=\"pb-description pb-caption-center\" style=\"\">Kuukkelin iltap\u00e4iv\u00e4tanssit 2013<\/span> <\/div> <\/div> <\/a> <\/div> <div class=\"pb-block with-text with-social-or-text pb-landscape pb-width pb-type-image \" style=\"\" data-filters=\"\" data-colspan=\"1\" data-rowspan=\"1\" data-col=\"1\" data-row=\"1\" data-valign=\"center\" data-halign=\"center\" data-type=\"image\" data-ratio=\"1.3333333333333\"> <img decoding=\"async\" class=\"pb-image skip-lazy \" src=\"data:image\/png;base64,iVBORw0KGgoAAAANSUhEUgAAAAEAAAABCAYAAAAfFcSJAAAADUlEQVR42mNkYPhfDwAChwGA60e6kgAAAABJRU5ErkJggg==\" data-pb-source=\"https:\/\/kajaaninharmonikkakerho.fi\/wp-content\/uploads\/2021\/02\/Raatitori-2010-kuva-6-1024x768.jpg\" alt=\"Markkinakatu Raatintori 2010\"> <noscript><img decoding=\"async\" src=\"https:\/\/kajaaninharmonikkakerho.fi\/wp-content\/uploads\/2021\/02\/Raatitori-2010-kuva-6.jpg\" alt=\"Markkinakatu Raatintori 2010\"><\/noscript> <a class=\"pb-link \" data-magnific=\"gallery-4\" data-caption=\"Markkinakatu Raatintori 2010\" rel=\"\" target=\"\" href=\"https:\/\/kajaaninharmonikkakerho.fi\/wp-content\/uploads\/2021\/02\/Raatitori-2010-kuva-6.jpg\"> <div class=\"pb-overlay\" style=\"\"> <div class=\"pb-caption-middle\"> <span class=\"pb-description pb-caption-center\" style=\"\">Markkinakatu Raatintori 2010<\/span> <\/div> <\/div> <\/a> <\/div> <div class=\"pb-block with-text with-social-or-text pb-landscape pb-width pb-type-image \" style=\"\" data-filters=\"\" data-colspan=\"1\" data-rowspan=\"1\" data-col=\"2\" data-row=\"1\" data-valign=\"center\" data-halign=\"center\" data-type=\"image\" data-ratio=\"1.3333333333333\"> <img decoding=\"async\" class=\"pb-image skip-lazy \" src=\"data:image\/png;base64,iVBORw0KGgoAAAANSUhEUgAAAAEAAAABCAYAAAAfFcSJAAAADUlEQVR42mNkYPhfDwAChwGA60e6kgAAAABJRU5ErkJggg==\" data-pb-source=\"https:\/\/kajaaninharmonikkakerho.fi\/wp-content\/uploads\/2021\/02\/Retikka-2012-kuva-7-1024x768.jpg\" alt=\"Konsertti Retikassa, \u00c4mm\u00e4nsaari 2012, vanhat hanurit\"> <noscript><img decoding=\"async\" src=\"https:\/\/kajaaninharmonikkakerho.fi\/wp-content\/uploads\/2021\/02\/Retikka-2012-kuva-7.jpg\" alt=\"Konsertti Retikassa, \u00c4mm\u00e4nsaari 2012, vanhat hanurit\"><\/noscript> <a class=\"pb-link \" data-magnific=\"gallery-4\" data-caption=\"Konsertti Retikassa, \u00c4mm\u00e4nsaari 2012, vanhat hanurit\" rel=\"\" target=\"\" href=\"https:\/\/kajaaninharmonikkakerho.fi\/wp-content\/uploads\/2021\/02\/Retikka-2012-kuva-7.jpg\"> <div class=\"pb-overlay\" style=\"\"> <div class=\"pb-caption-middle\"> <span class=\"pb-description pb-caption-center\" style=\"\">Konsertti Retikassa, \u00c4mm\u00e4nsaari 2012, vanhat hanurit<\/span> <\/div> <\/div> <\/a> <\/div> <div class=\"pb-block with-text with-social-or-text pb-landscape pb-width pb-type-image \" style=\"\" data-filters=\"\" data-colspan=\"1\" data-rowspan=\"1\" data-col=\"3\" data-row=\"1\" data-valign=\"center\" data-halign=\"center\" data-type=\"image\" data-ratio=\"1.3333333333333\"> <img decoding=\"async\" class=\"pb-image skip-lazy \" src=\"data:image\/png;base64,iVBORw0KGgoAAAANSUhEUgAAAAEAAAABCAYAAAAfFcSJAAAADUlEQVR42mNkYPhfDwAChwGA60e6kgAAAABJRU5ErkJggg==\" data-pb-source=\"https:\/\/kajaaninharmonikkakerho.fi\/wp-content\/uploads\/2021\/02\/Risteily-2008-kuva-8-1024x768.jpg\" alt=\"Risteilysoitto 2008, Veljekset Meril\u00e4inen\"> <noscript><img decoding=\"async\" src=\"https:\/\/kajaaninharmonikkakerho.fi\/wp-content\/uploads\/2021\/02\/Risteily-2008-kuva-8.jpg\" alt=\"Risteilysoitto 2008, Veljekset Meril\u00e4inen\"><\/noscript> <a class=\"pb-link \" data-magnific=\"gallery-4\" data-caption=\"Risteilysoitto 2008, Veljekset Meril\u00e4inen\" rel=\"\" target=\"\" href=\"https:\/\/kajaaninharmonikkakerho.fi\/wp-content\/uploads\/2021\/02\/Risteily-2008-kuva-8.jpg\"> <div class=\"pb-overlay\" style=\"\"> <div class=\"pb-caption-middle\"> <span class=\"pb-description pb-caption-center\" style=\"\">Risteilysoitto 2008, Veljekset Meril\u00e4inen<\/span> <\/div> <\/div> <\/a> <\/div> <div class=\"pb-block with-text with-social-or-text pb-landscape pb-width pb-type-image \" style=\"\" data-filters=\"\" data-colspan=\"1\" data-rowspan=\"1\" data-col=\"0\" data-row=\"2\" data-valign=\"center\" data-halign=\"center\" data-type=\"image\" data-ratio=\"1.3333333333333\"> <img decoding=\"async\" class=\"pb-image skip-lazy \" src=\"data:image\/png;base64,iVBORw0KGgoAAAANSUhEUgAAAAEAAAABCAYAAAAfFcSJAAAADUlEQVR42mNkYPhfDwAChwGA60e6kgAAAABJRU5ErkJggg==\" data-pb-source=\"https:\/\/kajaaninharmonikkakerho.fi\/wp-content\/uploads\/2021\/02\/Risteily-2009-kuva-9-1024x768.jpg\" alt=\"Ristely 2009\"> <noscript><img decoding=\"async\" src=\"https:\/\/kajaaninharmonikkakerho.fi\/wp-content\/uploads\/2021\/02\/Risteily-2009-kuva-9.jpg\" alt=\"Ristely 2009\"><\/noscript> <a class=\"pb-link \" data-magnific=\"gallery-4\" data-caption=\"Ristely 2009\" rel=\"\" target=\"\" href=\"https:\/\/kajaaninharmonikkakerho.fi\/wp-content\/uploads\/2021\/02\/Risteily-2009-kuva-9.jpg\"> <div class=\"pb-overlay\" style=\"\"> <div class=\"pb-caption-middle\"> <span class=\"pb-description pb-caption-center\" style=\"\">Ristely 2009<\/span> <\/div> <\/div> <\/a> <\/div> <div class=\"pb-block with-text with-social-or-text pb-landscape pb-width pb-type-image \" style=\"\" data-filters=\"\" data-colspan=\"1\" data-rowspan=\"1\" data-col=\"1\" data-row=\"2\" data-valign=\"center\" data-halign=\"center\" data-type=\"image\" data-ratio=\"1.5094339622642\"> <img decoding=\"async\" class=\"pb-image skip-lazy \" src=\"data:image\/png;base64,iVBORw0KGgoAAAANSUhEUgAAAAEAAAABCAYAAAAfFcSJAAAADUlEQVR42mNkYPhfDwAChwGA60e6kgAAAABJRU5ErkJggg==\" data-pb-source=\"https:\/\/kajaaninharmonikkakerho.fi\/wp-content\/uploads\/2021\/02\/Risteily-2015-kuva-10-1024x678.jpg\" alt=\"Ristely 2015, tunnelmaa linja-autossa\"> <noscript><img decoding=\"async\" src=\"https:\/\/kajaaninharmonikkakerho.fi\/wp-content\/uploads\/2021\/02\/Risteily-2015-kuva-10-scaled.jpg\" alt=\"Ristely 2015, tunnelmaa linja-autossa\"><\/noscript> <a class=\"pb-link \" data-magnific=\"gallery-4\" data-caption=\"Ristely 2015, tunnelmaa linja-autossa\" rel=\"\" target=\"\" href=\"https:\/\/kajaaninharmonikkakerho.fi\/wp-content\/uploads\/2021\/02\/Risteily-2015-kuva-10-scaled.jpg\"> <div class=\"pb-overlay\" style=\"\"> <div class=\"pb-caption-middle\"> <span class=\"pb-description pb-caption-center\" style=\"\">Ristely 2015, tunnelmaa linja-autossa<\/span> <\/div> <\/div> <\/a> <\/div> <div class=\"pb-block with-text with-social-or-text pb-landscape pb-width pb-type-image \" style=\"\" data-filters=\"\" data-colspan=\"1\" data-rowspan=\"1\" data-col=\"2\" data-row=\"2\" data-valign=\"center\" data-halign=\"center\" data-type=\"image\" data-ratio=\"1.3333333333333\"> <img decoding=\"async\" class=\"pb-image skip-lazy \" src=\"data:image\/png;base64,iVBORw0KGgoAAAANSUhEUgAAAAEAAAABCAYAAAAfFcSJAAAADUlEQVR42mNkYPhfDwAChwGA60e6kgAAAABJRU5ErkJggg==\" data-pb-source=\"https:\/\/kajaaninharmonikkakerho.fi\/wp-content\/uploads\/2021\/02\/Rovaniemi-2016-kuva-14-1024x768.jpg\" alt=\"RoiSpelit, Rovaniemi 2016\"> <noscript><img decoding=\"async\" src=\"https:\/\/kajaaninharmonikkakerho.fi\/wp-content\/uploads\/2021\/02\/Rovaniemi-2016-kuva-14.jpg\" alt=\"RoiSpelit, Rovaniemi 2016\"><\/noscript> <a class=\"pb-link \" data-magnific=\"gallery-4\" data-caption=\"RoiSpelit, Rovaniemi 2016\" rel=\"\" target=\"\" href=\"https:\/\/kajaaninharmonikkakerho.fi\/wp-content\/uploads\/2021\/02\/Rovaniemi-2016-kuva-14.jpg\"> <div class=\"pb-overlay\" style=\"\"> <div class=\"pb-caption-middle\"> <span class=\"pb-description pb-caption-center\" style=\"\">RoiSpelit, Rovaniemi 2016<\/span> <\/div> <\/div> <\/a> <\/div> <div class=\"pb-block with-text with-social-or-text pb-landscape pb-width pb-type-image \" style=\"\" data-filters=\"\" data-colspan=\"1\" data-rowspan=\"1\" data-col=\"3\" data-row=\"2\" data-valign=\"center\" data-halign=\"center\" data-type=\"image\" data-ratio=\"1.3333333333333\"> <img decoding=\"async\" class=\"pb-image skip-lazy \" src=\"data:image\/png;base64,iVBORw0KGgoAAAANSUhEUgAAAAEAAAABCAYAAAAfFcSJAAAADUlEQVR42mNkYPhfDwAChwGA60e6kgAAAABJRU5ErkJggg==\" data-pb-source=\"https:\/\/kajaaninharmonikkakerho.fi\/wp-content\/uploads\/2021\/02\/Ruuhijarvi-2010-kuva-15-1024x768.jpg\" alt=\"Kajaani, Ruuhij\u00e4rvi 2010, Ville Tikkanen ja Sulo Moilanen\"> <noscript><img decoding=\"async\" src=\"https:\/\/kajaaninharmonikkakerho.fi\/wp-content\/uploads\/2021\/02\/Ruuhijarvi-2010-kuva-15.jpg\" alt=\"Kajaani, Ruuhij\u00e4rvi 2010, Ville Tikkanen ja Sulo Moilanen\"><\/noscript> <a class=\"pb-link \" data-magnific=\"gallery-4\" data-caption=\"Kajaani, Ruuhij\u00e4rvi 2010, Ville Tikkanen ja Sulo Moilanen\" rel=\"\" target=\"\" href=\"https:\/\/kajaaninharmonikkakerho.fi\/wp-content\/uploads\/2021\/02\/Ruuhijarvi-2010-kuva-15.jpg\"> <div class=\"pb-overlay\" style=\"\"> <div class=\"pb-caption-middle\"> <span class=\"pb-description pb-caption-center\" style=\"\">Kajaani, Ruuhij\u00e4rvi 2010, Ville Tikkanen ja Sulo Moilanen<\/span> <\/div> <\/div> <\/a> <\/div> <div class=\"pb-block with-text with-social-or-text pb-landscape pb-width pb-type-image \" style=\"\" data-filters=\"\" data-colspan=\"1\" data-rowspan=\"1\" data-col=\"0\" data-row=\"3\" data-valign=\"center\" data-halign=\"center\" data-type=\"image\" data-ratio=\"1.3333333333333\"> <img decoding=\"async\" class=\"pb-image skip-lazy \" src=\"data:image\/png;base64,iVBORw0KGgoAAAANSUhEUgAAAAEAAAABCAYAAAAfFcSJAAAADUlEQVR42mNkYPhfDwAChwGA60e6kgAAAABJRU5ErkJggg==\" data-pb-source=\"https:\/\/kajaaninharmonikkakerho.fi\/wp-content\/uploads\/2021\/02\/Ruuhijarvi-2010-kuva-16-1024x768.jpg\" alt=\"Kajaani, Ruuhij\u00e4rvi 2010, Kristiina Sirvi\u00f6 ja Katja Halonen\"> <noscript><img decoding=\"async\" src=\"https:\/\/kajaaninharmonikkakerho.fi\/wp-content\/uploads\/2021\/02\/Ruuhijarvi-2010-kuva-16.jpg\" alt=\"Kajaani, Ruuhij\u00e4rvi 2010, Kristiina Sirvi\u00f6 ja Katja Halonen\"><\/noscript> <a class=\"pb-link \" data-magnific=\"gallery-4\" data-caption=\"Kajaani, Ruuhij\u00e4rvi 2010, Kristiina Sirvi\u00f6 ja Katja Halonen\" rel=\"\" target=\"\" href=\"https:\/\/kajaaninharmonikkakerho.fi\/wp-content\/uploads\/2021\/02\/Ruuhijarvi-2010-kuva-16.jpg\"> <div class=\"pb-overlay\" style=\"\"> <div class=\"pb-caption-middle\"> <span class=\"pb-description pb-caption-center\" style=\"\">Kajaani, Ruuhij\u00e4rvi 2010, Kristiina Sirvi\u00f6 ja Katja Halonen<\/span> <\/div> <\/div> <\/a> <\/div> <div class=\"pb-block with-text with-social-or-text pb-landscape pb-width pb-type-image \" style=\"\" data-filters=\"\" data-colspan=\"1\" data-rowspan=\"1\" data-col=\"1\" data-row=\"3\" data-valign=\"center\" data-halign=\"center\" data-type=\"image\" data-ratio=\"1.3333333333333\"> <img decoding=\"async\" class=\"pb-image skip-lazy \" src=\"data:image\/png;base64,iVBORw0KGgoAAAANSUhEUgAAAAEAAAABCAYAAAAfFcSJAAAADUlEQVR42mNkYPhfDwAChwGA60e6kgAAAABJRU5ErkJggg==\" data-pb-source=\"https:\/\/kajaaninharmonikkakerho.fi\/wp-content\/uploads\/2021\/02\/Sata-Hame-soi-2000-kuva-17-1024x768.jpg\" alt=\"Sata-H\u00e4me soi, Ikaalinen 2010\"> <noscript><img decoding=\"async\" src=\"https:\/\/kajaaninharmonikkakerho.fi\/wp-content\/uploads\/2021\/02\/Sata-Hame-soi-2000-kuva-17.jpg\" alt=\"Sata-H\u00e4me soi, Ikaalinen 2010\"><\/noscript> <a class=\"pb-link \" data-magnific=\"gallery-4\" data-caption=\"Sata-H\u00e4me soi, Ikaalinen 2010\" rel=\"\" target=\"\" href=\"https:\/\/kajaaninharmonikkakerho.fi\/wp-content\/uploads\/2021\/02\/Sata-Hame-soi-2000-kuva-17.jpg\"> <div class=\"pb-overlay\" style=\"\"> <div class=\"pb-caption-middle\"> <span class=\"pb-description pb-caption-center\" style=\"\">Sata-H\u00e4me soi, Ikaalinen 2010<\/span> <\/div> <\/div> <\/a> <\/div> <div class=\"pb-block with-text with-social-or-text pb-landscape pb-width pb-type-image \" style=\"\" data-filters=\"\" data-colspan=\"1\" data-rowspan=\"1\" data-col=\"2\" data-row=\"3\" data-valign=\"center\" data-halign=\"center\" data-type=\"image\" data-ratio=\"1.3333333333333\"> <img decoding=\"async\" class=\"pb-image skip-lazy \" src=\"data:image\/png;base64,iVBORw0KGgoAAAANSUhEUgAAAAEAAAABCAYAAAAfFcSJAAAADUlEQVR42mNkYPhfDwAChwGA60e6kgAAAABJRU5ErkJggg==\" data-pb-source=\"https:\/\/kajaaninharmonikkakerho.fi\/wp-content\/uploads\/2021\/02\/Sotkamo-2012-kuva-18-1024x768.jpg\" alt=\"Sotkamon kansanmusiikkikonsertti 2012\"> <noscript><img decoding=\"async\" src=\"https:\/\/kajaaninharmonikkakerho.fi\/wp-content\/uploads\/2021\/02\/Sotkamo-2012-kuva-18.jpg\" alt=\"Sotkamon kansanmusiikkikonsertti 2012\"><\/noscript> <a class=\"pb-link \" data-magnific=\"gallery-4\" data-caption=\"Sotkamon kansanmusiikkikonsertti 2012\" rel=\"\" target=\"\" href=\"https:\/\/kajaaninharmonikkakerho.fi\/wp-content\/uploads\/2021\/02\/Sotkamo-2012-kuva-18.jpg\"> <div class=\"pb-overlay\" style=\"\"> <div class=\"pb-caption-middle\"> <span class=\"pb-description pb-caption-center\" style=\"\">Sotkamon kansanmusiikkikonsertti 2012<\/span> <\/div> <\/div> <\/a> <\/div> <div class=\"pb-block with-text with-social-or-text pb-landscape pb-width pb-type-image \" style=\"\" data-filters=\"\" data-colspan=\"1\" data-rowspan=\"1\" data-col=\"3\" data-row=\"3\" data-valign=\"center\" data-halign=\"center\" data-type=\"image\" data-ratio=\"1.3333333333333\"> <img decoding=\"async\" class=\"pb-image skip-lazy \" src=\"data:image\/png;base64,iVBORw0KGgoAAAANSUhEUgAAAAEAAAABCAYAAAAfFcSJAAAADUlEQVR42mNkYPhfDwAChwGA60e6kgAAAABJRU5ErkJggg==\" data-pb-source=\"https:\/\/kajaaninharmonikkakerho.fi\/wp-content\/uploads\/2021\/02\/Sotkamo-2012-kuva-19-1024x768.jpg\" alt=\"Sotkamon kansanmusiikkikonsertti, Kajaanin kaksiriviset\"> <noscript><img decoding=\"async\" src=\"https:\/\/kajaaninharmonikkakerho.fi\/wp-content\/uploads\/2021\/02\/Sotkamo-2012-kuva-19.jpg\" alt=\"Sotkamon kansanmusiikkikonsertti, Kajaanin kaksiriviset\"><\/noscript> <a class=\"pb-link \" data-magnific=\"gallery-4\" data-caption=\"Sotkamon kansanmusiikkikonsertti, Kajaanin kaksiriviset\" rel=\"\" target=\"\" href=\"https:\/\/kajaaninharmonikkakerho.fi\/wp-content\/uploads\/2021\/02\/Sotkamo-2012-kuva-19.jpg\"> <div class=\"pb-overlay\" style=\"\"> <div class=\"pb-caption-middle\"> <span class=\"pb-description pb-caption-center\" style=\"\">Sotkamon kansanmusiikkikonsertti, Kajaanin kaksiriviset<\/span> <\/div> <\/div> <\/a> <\/div> <\/div><\/div><div id=\"photoblocks-fancybox-4\"><\/div><script>jQuery(function () { var p = new PhotoBlocks({ selector: \"#photoblocks-4\", columns: 4, padding: 10, disable_below: 320, on: { before: function () { }, after: function () { }, refresh: function () { } }, mobile_layout: [], lazy: false, debug: false }); jQuery(\"#photoblocks-4\").magnificPopup({ delegate: \".pb-block:not(.pb-filtered) [data-magnific]\", type: \"image\", gallery: { enabled: true, preload: [0,2] }, image: { titleSrc: 'data-caption' }, mainClass: \"mfp-4\" }); });<\/script>\n","protected":false},"excerpt":{"rendered":"<p>Kuvagalleria II<\/p>\n","protected":false},"author":1,"featured_media":0,"parent":0,"menu_order":0,"comment_status":"closed","ping_status":"closed","template":"","meta":{"_kadence_starter_templates_imported_post":false,"_kad_post_transparent":"","_kad_post_title":"","_kad_post_layout":"","_kad_post_sidebar_id":"","_kad_post_content_style":"","_kad_post_vertical_padding":"","_kad_post_feature":"","_kad_post_feature_position":"","_kad_post_header":false,"_kad_post_footer":false,"footnotes":""},"class_list":["post-411","page","type-page","status-publish","hentry"],"_links":{"self":[{"href":"https:\/\/kajaaninharmonikkakerho.fi\/index.php?rest_route=\/wp\/v2\/pages\/411","targetHints":{"allow":["GET"]}}],"collection":[{"href":"https:\/\/kajaaninharmonikkakerho.fi\/index.php?rest_route=\/wp\/v2\/pages"}],"about":[{"href":"https:\/\/kajaaninharmonikkakerho.fi\/index.php?rest_route=\/wp\/v2\/types\/page"}],"author":[{"embeddable":true,"href":"https:\/\/kajaaninharmonikkakerho.fi\/index.php?rest_route=\/wp\/v2\/users\/1"}],"replies":[{"embeddable":true,"href":"https:\/\/kajaaninharmonikkakerho.fi\/index.php?rest_route=%2Fwp%2Fv2%2Fcomments&post=411"}],"version-history":[{"count":4,"href":"https:\/\/kajaaninharmonikkakerho.fi\/index.php?rest_route=\/wp\/v2\/pages\/411\/revisions"}],"predecessor-version":[{"id":423,"href":"https:\/\/kajaaninharmonikkakerho.fi\/index.php?rest_route=\/wp\/v2\/pages\/411\/revisions\/423"}],"wp:attachment":[{"href":"https:\/\/kajaaninharmonikkakerho.fi\/index.php?rest_route=%2Fwp%2Fv2%2Fmedia&parent=411"}],"curies":[{"name":"wp","href":"https:\/\/api.w.org\/{rel}","templated":true}]}}