{"id":276,"date":"2021-01-14T07:54:22","date_gmt":"2021-01-14T07:54:22","guid":{"rendered":"http:\/\/kajaaninharmonikkakerho.fi\/uusi\/?page_id=276"},"modified":"2021-06-21T07:59:32","modified_gmt":"2021-06-21T05:59:32","slug":"rekisteriseloste","status":"publish","type":"page","link":"https:\/\/kajaaninharmonikkakerho.fi\/?page_id=276","title":{"rendered":"Rekisteriseloste"},"content":{"rendered":"\n<div class=\"wp-block-columns is-layout-flex wp-container-core-columns-is-layout-9d6595d7 wp-block-columns-is-layout-flex\">\n<div class=\"wp-block-column is-layout-flow wp-block-column-is-layout-flow\" style=\"flex-basis:100%\">\n<h4>Rekisteriseloste<\/h4>\n<p>Henkil\u00f6tietolain 523\/1999 10\u00a7:n mukainen rekisteriseloste.<\/p>\n<p>Rekisterinpit\u00e4j\u00e4: Kajaanin Harmonikkakerho ry.<br \/>Y-tunnus: 1007651-9<br \/>Postiosoite: Kansakoulukatu 17 A, 87150 Kajaani<\/p>\n<p>Rekisterin yhteyshenkil\u00f6: Yrj\u00f6 Tolonen<\/p>\n<p>Kajaanin Harmonikkakerho r.y. yll\u00e4pit\u00e4\u00e4 rekisteri\u00e4 henkil\u00f6ist\u00e4, jotka ovat Kajaanin Harmonikkakerho r.y. j\u00e4seni\u00e4. Rekisteriin ker\u00e4t\u00e4\u00e4n vain lomakkeilla kysytyt sek\u00e4 asiakkaan vapaaehtoisesti kertomat tiedot:<br \/>Nimi<br \/>S\u00e4hk\u00f6postiosoite<br \/>Postiosoite<br \/>Puhelinnumero<br \/>Tietoja musiikin harrastuksesta<\/p>\n<p>J\u00e4senliittymis- ja palautelomakkeen tietoliikenne kulkee salattuna. Rekisteriin sis\u00e4ltyv\u00e4t tiedot s\u00e4ilytet\u00e4\u00e4n luottamuksellisina eik\u00e4 niit\u00e4 luovuteta kolmansille osapuolille.<br \/>Sinulla on pyynn\u00f6st\u00e4si oikeus saada tiet\u00e4\u00e4, mit\u00e4 tietoja sinusta on tallennettu, mist\u00e4 tiedot rekisteri\u00e4 varten hankitaan, mihin tietoja k\u00e4ytet\u00e4\u00e4n ja s\u00e4\u00e4nn\u00f6nmukaisesti luovutetaan. Tietoja voidaan poistaa vaatimuksestasi, tai j\u00e4sen- tai p\u00e4\u00e4ttymisen vuoksi.<br \/>Jos haluat lis\u00e4tietoja, ota yhteytt\u00e4 yhteydenottolomakkeella tai puhelimitse puheenjohtajalle.<\/p>\n<\/div>\n<\/div>\n\n\n\n<div class=\"wp-block-themeisle-blocks-advanced-columns has-2-columns has-desktop-equal-layout has-tablet-equal-layout has-mobile-collapsedRows-layout has-default-gap has-vertical-unset\" id=\"wp-block-themeisle-blocks-advanced-columns-8ef0543f\"><div class=\"wp-block-themeisle-blocks-advanced-columns-overlay\"><\/div><div class=\"innerblocks-wrap\">\n<div class=\"wp-block-themeisle-blocks-advanced-column\" id=\"wp-block-themeisle-blocks-advanced-column-b5ead421\"><\/div>\n\n\n\n<div class=\"wp-block-themeisle-blocks-advanced-column\" id=\"wp-block-themeisle-blocks-advanced-column-57979491\"><\/div>\n<\/div><\/div>\n\n\n\n<p><\/p>\n","protected":false},"excerpt":{"rendered":"<p>Rekisteriseloste Henkil\u00f6tietolain 523\/1999 10\u00a7:n mukainen rekisteriseloste. Rekisterinpit\u00e4j\u00e4: Kajaanin Harmonikkakerho ry.Y-tunnus: 1007651-9Postiosoite: Kansakoulukatu 17 A, 87150 Kajaani Rekisterin yhteyshenkil\u00f6: Yrj\u00f6 Tolonen Kajaanin Harmonikkakerho r.y. yll\u00e4pit\u00e4\u00e4 rekisteri\u00e4 henkil\u00f6ist\u00e4, jotka ovat Kajaanin Harmonikkakerho r.y. j\u00e4seni\u00e4. Rekisteriin ker\u00e4t\u00e4\u00e4n vain lomakkeilla kysytyt sek\u00e4 asiakkaan vapaaehtoisesti kertomat tiedot:NimiS\u00e4hk\u00f6postiosoitePostiosoitePuhelinnumeroTietoja musiikin harrastuksesta J\u00e4senliittymis- ja palautelomakkeen tietoliikenne kulkee salattuna. Rekisteriin sis\u00e4ltyv\u00e4t tiedot s\u00e4ilytet\u00e4\u00e4n luottamuksellisina&#8230;<\/p>\n","protected":false},"author":1,"featured_media":0,"parent":0,"menu_order":0,"comment_status":"closed","ping_status":"closed","template":"","meta":{"_kadence_starter_templates_imported_post":false,"_kad_post_transparent":"","_kad_post_title":"","_kad_post_layout":"","_kad_post_sidebar_id":"","_kad_post_content_style":"","_kad_post_vertical_padding":"","_kad_post_feature":"","_kad_post_feature_position":"","_kad_post_header":false,"_kad_post_footer":false,"footnotes":""},"class_list":["post-276","page","type-page","status-publish","hentry"],"_links":{"self":[{"href":"https:\/\/kajaaninharmonikkakerho.fi\/index.php?rest_route=\/wp\/v2\/pages\/276","targetHints":{"allow":["GET"]}}],"collection":[{"href":"https:\/\/kajaaninharmonikkakerho.fi\/index.php?rest_route=\/wp\/v2\/pages"}],"about":[{"href":"https:\/\/kajaaninharmonikkakerho.fi\/index.php?rest_route=\/wp\/v2\/types\/page"}],"author":[{"embeddable":true,"href":"https:\/\/kajaaninharmonikkakerho.fi\/index.php?rest_route=\/wp\/v2\/users\/1"}],"replies":[{"embeddable":true,"href":"https:\/\/kajaaninharmonikkakerho.fi\/index.php?rest_route=%2Fwp%2Fv2%2Fcomments&post=276"}],"version-history":[{"count":7,"href":"https:\/\/kajaaninharmonikkakerho.fi\/index.php?rest_route=\/wp\/v2\/pages\/276\/revisions"}],"predecessor-version":[{"id":477,"href":"https:\/\/kajaaninharmonikkakerho.fi\/index.php?rest_route=\/wp\/v2\/pages\/276\/revisions\/477"}],"wp:attachment":[{"href":"https:\/\/kajaaninharmonikkakerho.fi\/index.php?rest_route=%2Fwp%2Fv2%2Fmedia&parent=276"}],"curies":[{"name":"wp","href":"https:\/\/api.w.org\/{rel}","templated":true}]}}