{"id":2,"date":"2016-05-10T03:48:21","date_gmt":"2016-05-10T03:48:21","guid":{"rendered":"http:\/\/kajaaninharmonikkakerho.fi\/uusi\/?page_id=2"},"modified":"2026-05-04T19:35:48","modified_gmt":"2026-05-04T17:35:48","slug":"sample-page","status":"publish","type":"page","link":"https:\/\/kajaaninharmonikkakerho.fi\/?page_id=2","title":{"rendered":"Esiintymiset"},"content":{"rendered":"\n<h2 class=\"wp-block-heading has-text-align-left\"><strong>Esiintymiset<\/strong><\/h2>\n\n\n\n<p>Kajaanin Harmonikkakerholla on ollut normaalivuosina yli 50 esiintymistilaisuutta eri kokoonpanoilla. Ne ovat olleet konsertteja, tanssisoittoja, tori- ja muita ulkoilmasoittoja sek\u00e4 talkooluonteista laulujen s\u00e4estyst\u00e4 ja soittoa vanhainkodeissa ja muissa yleis\u00f6tilaisuuksissa. Kerholla on riitt\u00e4v\u00e4 \u00e4\u00e4nentoistolaitteisto my\u00f6s ulkoilmatilaisuuksiin sek\u00e4 studiolaitteisto \u00e4\u00e4nitysten tekemiseen.<\/p>\n\n\n\n<h6 class=\"wp-block-heading\">Kes\u00e4nkaikuja konsertti 1.3.2026, Kaukamets\u00e4n konserttisali klo 17 &#8211; 20:30<\/h6>\n\n\n\n<h6 class=\"wp-block-heading\">Kyl\u00e4talo <span style=\"background-color:rgba(0, 0, 0, 0)\" class=\"has-inline-color has-theme-palette-1-color\">Pupulan laulajaiset <\/span>kev\u00e4t 2026<\/h6>\n\n\n\n<p>Kyl\u00e4talo Pupulan laulajaiset pidet\u00e4\u00e4n Purolassa, Kansakoulunkatu 17, kuukausittain sunnuntaisin klo 13 &#8211; 15. Harmonikkakerho s\u00e4est\u00e4\u00e4 yhteislaulua, arpajaiset ja v\u00e4lill\u00e4 juodaan pullakahvit. Laulajaisten ajat kev\u00e4\u00e4ll\u00e4 -26:                                                                       <strong>25.1., 22.2., 22.3.,19.4. ja 17.5.<\/strong><\/p>\n\n\n\n<h6 class=\"wp-block-heading\">Kerhon tanssikeikat 2026<\/h6>\n\n\n\n<ul class=\"wp-block-list\">\n<li>Kajaanin Kansanpirtti sunnuntaina 22.3. klo 16 &#8211; 20 <\/li>\n\n\n\n<li>Kajaanin Kansanpirtti sunnuntaina 12.6. klo 16 -20 <\/li>\n\n\n\n<li>Vaalan Veneheiton Vastuksen talo lauantaina 1.8.2026 klo 22 &#8211; 24<\/li>\n<\/ul>\n\n\n\n<h6 class=\"wp-block-heading\">Harmonikan p\u00e4iv\u00e4 26.3.2026<\/h6>\n\n\n\n<p>Kajaani: Prisma klo 10.30 &#8211; 11.30, City-Market klo 14 &#8211; 15 ja  Uimahalli klo 16 &#8211; 17.<\/p>\n\n\n\n<p><strong>Hoivakodit<\/strong>:<\/p>\n\n\n\n<ul class=\"wp-block-list\">\n<li>Arvola II to 12.3.2026 klo 13 &#8211; 14<br>Arvola I, to 7.5. 2026 klo 13 &#8211; 14<\/li>\n<\/ul>\n\n\n\n<h6 class=\"wp-block-heading\">Paltaniemip\u00e4iv\u00e4t lauantaina 11.7.2026 klo 10 &#8211; 16<\/h6>\n\n\n\n<h6 class=\"wp-block-heading\"><strong>Torisoitto 19.6.2026 klo 10:00 &#8211; 11:30, Kajaaninjoen juhannus. Kauppatori.<\/strong><\/h6>\n\n\n\n<p><br><strong>Markkinakatu 2.7.2026 klo 15 &#8211; 16, Raatihuoneentori<\/strong><br><br><strong>Tervasoutun\u00e4yt\u00f6kset 2026 sunnuntaisin klo 13-14, Tervakanava<\/strong><\/p>\n\n\n\n<ul class=\"wp-block-list\">\n<li><strong>28.6. Kajaanin Harmonikkakerho<\/strong> &amp; Kansanpelimannit, Pietarin kalansaalis<\/li>\n\n\n\n<li><strong>5.7. Kajaanin Harmonikkakerho<\/strong><\/li>\n\n\n\n<li>12.7. Ei kerho<\/li>\n\n\n\n<li><strong>19.7. Kajaanin Harmonikkakerho<\/strong><\/li>\n\n\n\n<li><strong>26.7. Kajaanin Harmonikkakerho<\/strong><\/li>\n\n\n\n<li><strong>29.8. Kajaanin Harmonikkakerho<\/strong> &amp; Kansanpelimannit, <strong>Linnanvirta<\/strong><\/li>\n<\/ul>\n\n\n\n<h6 class=\"wp-block-heading\">Kouta-laivaristeilyt 2026 hein\u00e4kuussa ke, to ja pe klo 19 &#8211; 21:30, tarkentuu<\/h6>\n\n\n\n\n\n<p><\/p>\n","protected":false},"excerpt":{"rendered":"<p>Esiintymiset Kajaanin Harmonikkakerholla on ollut normaalivuosina yli 50 esiintymistilaisuutta eri kokoonpanoilla. Ne ovat olleet konsertteja, tanssisoittoja, tori- ja muita ulkoilmasoittoja sek\u00e4 talkooluonteista laulujen s\u00e4estyst\u00e4 ja soittoa vanhainkodeissa ja muissa yleis\u00f6tilaisuuksissa. Kerholla on riitt\u00e4v\u00e4 \u00e4\u00e4nentoistolaitteisto my\u00f6s ulkoilmatilaisuuksiin sek\u00e4 studiolaitteisto \u00e4\u00e4nitysten tekemiseen. Kes\u00e4nkaikuja konsertti 1.3.2026, Kaukamets\u00e4n konserttisali klo 17 &#8211; 20:30 Kyl\u00e4talo Pupulan laulajaiset kev\u00e4t 2026 Kyl\u00e4talo&#8230;<\/p>\n","protected":false},"author":1,"featured_media":0,"parent":0,"menu_order":0,"comment_status":"closed","ping_status":"open","template":"","meta":{"_kadence_starter_templates_imported_post":false,"_kad_post_transparent":"default","_kad_post_title":"","_kad_post_layout":"narrow","_kad_post_sidebar_id":"","_kad_post_content_style":"","_kad_post_vertical_padding":"","_kad_post_feature":"","_kad_post_feature_position":"","_kad_post_header":false,"_kad_post_footer":false,"footnotes":"[]"},"class_list":["post-2","page","type-page","status-publish","hentry"],"_links":{"self":[{"href":"https:\/\/kajaaninharmonikkakerho.fi\/index.php?rest_route=\/wp\/v2\/pages\/2","targetHints":{"allow":["GET"]}}],"collection":[{"href":"https:\/\/kajaaninharmonikkakerho.fi\/index.php?rest_route=\/wp\/v2\/pages"}],"about":[{"href":"https:\/\/kajaaninharmonikkakerho.fi\/index.php?rest_route=\/wp\/v2\/types\/page"}],"author":[{"embeddable":true,"href":"https:\/\/kajaaninharmonikkakerho.fi\/index.php?rest_route=\/wp\/v2\/users\/1"}],"replies":[{"embeddable":true,"href":"https:\/\/kajaaninharmonikkakerho.fi\/index.php?rest_route=%2Fwp%2Fv2%2Fcomments&post=2"}],"version-history":[{"count":147,"href":"https:\/\/kajaaninharmonikkakerho.fi\/index.php?rest_route=\/wp\/v2\/pages\/2\/revisions"}],"predecessor-version":[{"id":1298,"href":"https:\/\/kajaaninharmonikkakerho.fi\/index.php?rest_route=\/wp\/v2\/pages\/2\/revisions\/1298"}],"wp:attachment":[{"href":"https:\/\/kajaaninharmonikkakerho.fi\/index.php?rest_route=%2Fwp%2Fv2%2Fmedia&parent=2"}],"curies":[{"name":"wp","href":"https:\/\/api.w.org\/{rel}","templated":true}]}}