{"id":16,"date":"2020-12-15T17:16:44","date_gmt":"2020-12-15T17:16:44","guid":{"rendered":"http:\/\/kajaaninharmonikkakerho.fi\/uusi\/?page_id=16"},"modified":"2021-01-14T07:19:37","modified_gmt":"2021-01-14T07:19:37","slug":"historia","status":"publish","type":"page","link":"https:\/\/kajaaninharmonikkakerho.fi\/?page_id=16","title":{"rendered":"Historia"},"content":{"rendered":"\n<h2 class=\"has-text-align-center wp-block-heading\">Historiaa<\/h2>\n\n\n\n<p><\/p>\n\n\n\n<p>Kajaanin Harmonikkakerho ry perustettiin 8.2.1984. Perustajaj\u00e4seni\u00e4 olivat Pauli Lappalainen, Teuvo L\u00e4ms\u00e4, Armas Piippo, Jaakko Sarlin, Tauno Suorsa, Ville Tikkanen ja Jussi Turunen. Armas Piipon panos kerhomme alkutaipaleella on ollut ensiarvoisen t\u00e4rke\u00e4\u00e4. H\u00e4n toimi useita vuosia Harmonikkakerhon lis\u00e4ksi Suomen Harmonikkaliiton liittovaltuustossa. Pitk\u00e4aikaisena puheenjohtajana toimi Jussi Turunen. Eero M\u00e4\u00e4tt\u00e4 toimi puheenjohtaja yli kaksikymment\u00e4 vuotta sek\u00e4 Harmonikkaliiton liittovaltuuston varapuheenjohtajana yli 10 vuotta ja puheenjohtajana 10 vuotta.<\/p>\n\n\n\n<p>Olemme toimineet Kansalaisopistojen opintopiirin\u00e4 koko toimintamme ajan. Alkuvuosina paikkana oli Kuurnan koulu ja Kajaanin kaupungin nuorisotila Nurmikadulla. Olemme toimineet yli kymmenen vuotta itse vuokraamissamme tiloissa Purolan vanhalla koululla Pupulassa. Soittoharjoituksia ja teoriaopetusta kerhossamme on toteutettu kaksi kertaa viikossa. Lis\u00e4kertoja kokoontumisiin ovat tietysti tuoneet valmistautumiset erilaisiin tilaisuuksiin. Soitonohjaajana alussa toimi Armas Piippo. Vuonna 1998 ohjaajana toimi Eila Hallamaa, mink\u00e4 j\u00e4lkeen Terho L\u00e4ms\u00e4 on hoitanut t\u00e4t\u00e4 teht\u00e4v\u00e4\u00e4.<\/p>\n\n\n\n<p>Esiintymisi\u00e4 kerhollemme kertyy vuosittain noin 70. P\u00e4\u00e4asiassa toiminta on Kajaanissa ja Kainuussa. Olemme tehneet yhteisty\u00f6t\u00e4 Sotkamon Hanuripelimannien, Suomussalmen, Kuusamon, Iisalmen, Enon ja Lappeenrannan Harmonikkakerhojen kanssa.  My\u00f6s useat Harmonikkakerhot muualta Suomessa ovat tulleet meille tutuiksi yhteisen toimintamme kautta. Yhteisty\u00f6 Kajaanin kaupungin kanssa on s\u00e4\u00e4nn\u00f6llist\u00e4. Olemme vierailleet  kerhona Pohjoismaissa, Ven\u00e4j\u00e4ll\u00e4, ja vuosina 2002 ja 2005 USA:ssa Mischiganissa Kajaanin yst\u00e4vyyskaupungissa Marquetessa. <\/p>\n\n\n\n<p>Kerhomme toiminta on ollut aktiivista koko toiminnan ajan. Olemme osallistuneet useita kertoja Rytmi\u00e4 el\u00e4m\u00e4\u00e4n -tapahtumiin eri puolilla Suomea. Soittajamme ovat osallistuneet erilaisiin kilpailuihin ja harmonikkaleireille. Kerhomme kannustaa ja tukee erityisesti t\u00e4llaista toimintaa. <\/p>\n\n\n\n<p>Kajaanin Harmonikkakerho on julkaissut kolme \u00e4\u00e4nitett\u00e4. Haaveita Harmonikalla valmistui vuonna 1996, Kaunis on Kainuu 2005 ja Valoa ikkunassa 2014. Kerhomme j\u00e4senet ovat my\u00f6s tuottaneet s\u00e4vellyksi\u00e4 ja sanoituksia, jotka ovat p\u00e4\u00e4tyneet erilaisille \u00e4\u00e4nitteille.<\/p>\n\n\n\n<p>Kerhomme talous on perustunut j\u00e4senmaksutuottoihin, keikkapalkkioihin sek\u00e4 omien tilaisuuksien tuottoihin.<\/p>\n\n\n\n<p class=\"has-text-align-center\"><strong>Nostetta n\u00e4pp\u00e4imiin<\/strong><\/p>\n\n\n\n<p>It\u00e4-Suomi projektin Nostetta N\u00e4pp\u00e4imiin -hanke oli kolmivuotinen. T\u00e4m\u00e4 hanke k\u00e4ynnistettiin 1.3.2009 ja se p\u00e4\u00e4ttyi 30.6.2011. Hanke ooli Enon, Iisalmen, Lappeenrannan ja Kajaanin Harmonikkakerhojen yhteinen. Hanketta hallinnoi Enon Harmonikkakerho ja projektip\u00e4\u00e4llikk\u00f6n\u00e4 toimi Pentti Karjalainen Joensuusta.<\/p>\n\n\n\n<p>Hankkeen tavoitteena oli lis\u00e4t\u00e4 kerhojen yhteisty\u00f6t\u00e4, sek\u00e4 saada lapsia ja nuoria harmonikkaharrastuksen pariin. Hankkeen aikana j\u00e4rjestettiin harmonikkaleirej\u00e4, perehdyttiin harmonikan huoltoon, korjaukseen ja entis\u00f6intiin. Kerholle hankittiin laitteistoa musiikin taltioimiseen ja editointiin. Ohjelmassa oli my\u00f6s erilaisten musiikkiohjelmien k\u00e4ytt\u00f6 sek\u00e4 studioty\u00f6.<\/p>\n\n\n\n<p>Projektin osapuolet tekiv\u00e4t tutustumisk\u00e4ynnin Italian Castelfidartossa sijaitsevaan harmonikkatehtaaseen. Siell\u00e4 tutustuttiin harmonikan eri valmistusvaiheisiin ja valmistuksessa tarvittaviin ty\u00f6kaluihin. Vierailimme Castelfidardossa sijaitsevassa ainutlaatuisessa harmonikkamuseossa. K\u00e4vimme my\u00f6s Hohnerin harmonikkatehtaalla Saksassa. Matkan tarkoituksena oli luoda kontakteja italialaisiin, saksalaisiin ja yleens\u00e4 eurooppalaisiin harmonikkakerhoihin ja harmonikkataiteilijoihin. Tavoitteena oli ja on edelleen nuorten harmonikansoittajien aktivoiminen kansainv\u00e4liseen yhteisty\u00f6h\u00f6n.<\/p>\n","protected":false},"excerpt":{"rendered":"<p>Historiaa Kajaanin Harmonikkakerho ry perustettiin 8.2.1984. Perustajaj\u00e4seni\u00e4 olivat Pauli Lappalainen, Teuvo L\u00e4ms\u00e4, Armas Piippo, Jaakko Sarlin, Tauno Suorsa, Ville Tikkanen ja Jussi Turunen. Armas Piipon panos kerhomme alkutaipaleella on ollut ensiarvoisen t\u00e4rke\u00e4\u00e4. H\u00e4n toimi useita vuosia Harmonikkakerhon lis\u00e4ksi Suomen Harmonikkaliiton liittovaltuustossa. Pitk\u00e4aikaisena puheenjohtajana toimi Jussi Turunen. Eero M\u00e4\u00e4tt\u00e4 toimi puheenjohtaja yli kaksikymment\u00e4 vuotta sek\u00e4 Harmonikkaliiton&#8230;<\/p>\n","protected":false},"author":1,"featured_media":0,"parent":0,"menu_order":0,"comment_status":"closed","ping_status":"closed","template":"","meta":{"_kadence_starter_templates_imported_post":false,"_kad_post_transparent":"","_kad_post_title":"","_kad_post_layout":"","_kad_post_sidebar_id":"","_kad_post_content_style":"","_kad_post_vertical_padding":"","_kad_post_feature":"","_kad_post_feature_position":"","_kad_post_header":false,"_kad_post_footer":false,"footnotes":""},"class_list":["post-16","page","type-page","status-publish","hentry"],"_links":{"self":[{"href":"https:\/\/kajaaninharmonikkakerho.fi\/index.php?rest_route=\/wp\/v2\/pages\/16","targetHints":{"allow":["GET"]}}],"collection":[{"href":"https:\/\/kajaaninharmonikkakerho.fi\/index.php?rest_route=\/wp\/v2\/pages"}],"about":[{"href":"https:\/\/kajaaninharmonikkakerho.fi\/index.php?rest_route=\/wp\/v2\/types\/page"}],"author":[{"embeddable":true,"href":"https:\/\/kajaaninharmonikkakerho.fi\/index.php?rest_route=\/wp\/v2\/users\/1"}],"replies":[{"embeddable":true,"href":"https:\/\/kajaaninharmonikkakerho.fi\/index.php?rest_route=%2Fwp%2Fv2%2Fcomments&post=16"}],"version-history":[{"count":9,"href":"https:\/\/kajaaninharmonikkakerho.fi\/index.php?rest_route=\/wp\/v2\/pages\/16\/revisions"}],"predecessor-version":[{"id":275,"href":"https:\/\/kajaaninharmonikkakerho.fi\/index.php?rest_route=\/wp\/v2\/pages\/16\/revisions\/275"}],"wp:attachment":[{"href":"https:\/\/kajaaninharmonikkakerho.fi\/index.php?rest_route=%2Fwp%2Fv2%2Fmedia&parent=16"}],"curies":[{"name":"wp","href":"https:\/\/api.w.org\/{rel}","templated":true}]}}